{"id":5497,"date":"2024-03-29T14:41:41","date_gmt":"2024-03-29T13:41:41","guid":{"rendered":"http:\/\/dev-nextgen.ecole-sacre-coeur-lorient.com\/?page_id=5497"},"modified":"2024-03-29T14:42:44","modified_gmt":"2024-03-29T13:42:44","slug":"presentation-de-lecole-en-anglais-pour-les-eleves-de-munich","status":"publish","type":"page","link":"https:\/\/dev-nextgen.ecole-sacre-coeur-lorient.com\/index.php\/presentation-de-lecole-en-anglais-pour-les-eleves-de-munich\/","title":{"rendered":"Pr\u00e9sentation de l&rsquo;\u00e9cole en anglais pour les \u00e9l\u00e8ves de Munich"},"content":{"rendered":"<div class=\"wpb-content-wrapper\"><p>[vc_row][vc_column][vc_column_text]<\/p>\n<p dir=\"ltr\">D\u00e9couvrez la vid\u00e9o de pr\u00e9sentation de l\u2019\u00e9cole et de la ville de Lorient en anglais, r\u00e9alis\u00e9e par les \u00e9l\u00e8ves de CM2 de la classe de Madame Salamand et Madame Colonna et prise par la volontaire en service civique.<\/p>\n<p dir=\"ltr\">Cette vid\u00e9o a pour but de montrer la diff\u00e9rence culturelle entre l\u2019Allemagne et la France puisqu\u2019elle a \u00e9t\u00e9 faite pour leurs correspondants allemands qui se trouvent \u00e0 Munich.<\/p>\n<p>[\/vc_column_text][\/vc_column][\/vc_row][vc_row][vc_column][vc_video link=\u00a0\u00bbhttps:\/\/youtu.be\/1NbqEl1q-YQ?si=OLoqVLBTWnNag_TX\u00a0\u00bb][\/vc_column][\/vc_row]<\/p>\n<\/div>","protected":false},"excerpt":{"rendered":"<p>[vc_row][vc_column][vc_column_text] D\u00e9couvrez la vid\u00e9o de pr\u00e9sentation de l\u2019\u00e9cole et de la ville de Lorient en anglais, r\u00e9alis\u00e9e par les \u00e9l\u00e8ves de CM2 de la classe de Madame Salamand et Madame Colonna et prise par la volontaire en service civique. Cette vid\u00e9o a pour but de montrer la diff\u00e9rence culturelle entre l\u2019Allemagne et la France puisqu\u2019elle [&hellip;]<\/p>\n","protected":false},"author":1,"featured_media":0,"parent":0,"menu_order":0,"comment_status":"closed","ping_status":"closed","template":"","meta":{"footnotes":""},"class_list":["post-5497","page","type-page","status-publish","hentry"],"_links":{"self":[{"href":"https:\/\/dev-nextgen.ecole-sacre-coeur-lorient.com\/index.php\/wp-json\/wp\/v2\/pages\/5497","targetHints":{"allow":["GET"]}}],"collection":[{"href":"https:\/\/dev-nextgen.ecole-sacre-coeur-lorient.com\/index.php\/wp-json\/wp\/v2\/pages"}],"about":[{"href":"https:\/\/dev-nextgen.ecole-sacre-coeur-lorient.com\/index.php\/wp-json\/wp\/v2\/types\/page"}],"author":[{"embeddable":true,"href":"https:\/\/dev-nextgen.ecole-sacre-coeur-lorient.com\/index.php\/wp-json\/wp\/v2\/users\/1"}],"replies":[{"embeddable":true,"href":"https:\/\/dev-nextgen.ecole-sacre-coeur-lorient.com\/index.php\/wp-json\/wp\/v2\/comments?post=5497"}],"version-history":[{"count":3,"href":"https:\/\/dev-nextgen.ecole-sacre-coeur-lorient.com\/index.php\/wp-json\/wp\/v2\/pages\/5497\/revisions"}],"predecessor-version":[{"id":5501,"href":"https:\/\/dev-nextgen.ecole-sacre-coeur-lorient.com\/index.php\/wp-json\/wp\/v2\/pages\/5497\/revisions\/5501"}],"wp:attachment":[{"href":"https:\/\/dev-nextgen.ecole-sacre-coeur-lorient.com\/index.php\/wp-json\/wp\/v2\/media?parent=5497"}],"curies":[{"name":"wp","href":"https:\/\/api.w.org\/{rel}","templated":true}]}}