{"id":5418,"date":"2024-03-29T13:41:51","date_gmt":"2024-03-29T12:41:51","guid":{"rendered":"http:\/\/dev-nextgen.ecole-sacre-coeur-lorient.com\/?page_id=5418"},"modified":"2024-03-29T13:50:07","modified_gmt":"2024-03-29T12:50:07","slug":"where-is-jane","status":"publish","type":"page","link":"https:\/\/dev-nextgen.ecole-sacre-coeur-lorient.com\/index.php\/where-is-jane\/","title":{"rendered":"Where is Jane ?"},"content":{"rendered":"<div class=\"wpb-content-wrapper\"><p>[vc_row][vc_column][vc_column_text]F\u00e9licitations \u00e0 tous les CM2 pour la r\u00e9alisation de leur livre en Anglais. Celui-ci a remport\u00e9 le premier prix du concours organis\u00e9 par la DDEC.[\/vc_column_text][\/vc_column][\/vc_row][vc_row][vc_column][vc_images_carousel images=\u00a0\u00bb5432,5431,5430,5429,5428,5427,5426,5425,5424,5423,5422,5421&Prime; img_size=\u00a0\u00bblarge\u00a0\u00bb autoplay=\u00a0\u00bbyes\u00a0\u00bb wrap=\u00a0\u00bbyes\u00a0\u00bb][\/vc_column][\/vc_row][vc_row][vc_column][vc_single_image image=\u00a0\u00bb5434&Prime; img_size=\u00a0\u00bblarge\u00a0\u00bb alignment=\u00a0\u00bbcenter\u00a0\u00bb style=\u00a0\u00bbvc_box_border\u00a0\u00bb border_color=\u00a0\u00bbmulled_wine\u00a0\u00bb onclick=\u00a0\u00bblink_image\u00a0\u00bb][\/vc_column][\/vc_row][vc_row][vc_column][vc_single_image image=\u00a0\u00bb5433&Prime; img_size=\u00a0\u00bblarge\u00a0\u00bb alignment=\u00a0\u00bbcenter\u00a0\u00bb style=\u00a0\u00bbvc_box_border\u00a0\u00bb border_color=\u00a0\u00bbmulled_wine\u00a0\u00bb onclick=\u00a0\u00bblink_image\u00a0\u00bb][\/vc_column][\/vc_row]<\/p>\n<\/div>","protected":false},"excerpt":{"rendered":"<p>[vc_row][vc_column][vc_column_text]F\u00e9licitations \u00e0 tous les CM2 pour la r\u00e9alisation de leur livre en Anglais. Celui-ci a remport\u00e9 le premier prix du concours organis\u00e9 par la DDEC.[\/vc_column_text][\/vc_column][\/vc_row][vc_row][vc_column][vc_images_carousel images=\u00a0\u00bb5432,5431,5430,5429,5428,5427,5426,5425,5424,5423,5422,5421&Prime; img_size=\u00a0\u00bblarge\u00a0\u00bb autoplay=\u00a0\u00bbyes\u00a0\u00bb wrap=\u00a0\u00bbyes\u00a0\u00bb][\/vc_column][\/vc_row][vc_row][vc_column][vc_single_image image=\u00a0\u00bb5434&Prime; img_size=\u00a0\u00bblarge\u00a0\u00bb alignment=\u00a0\u00bbcenter\u00a0\u00bb style=\u00a0\u00bbvc_box_border\u00a0\u00bb border_color=\u00a0\u00bbmulled_wine\u00a0\u00bb onclick=\u00a0\u00bblink_image\u00a0\u00bb][\/vc_column][\/vc_row][vc_row][vc_column][vc_single_image image=\u00a0\u00bb5433&Prime; img_size=\u00a0\u00bblarge\u00a0\u00bb alignment=\u00a0\u00bbcenter\u00a0\u00bb style=\u00a0\u00bbvc_box_border\u00a0\u00bb border_color=\u00a0\u00bbmulled_wine\u00a0\u00bb onclick=\u00a0\u00bblink_image\u00a0\u00bb][\/vc_column][\/vc_row]<\/p>\n","protected":false},"author":1,"featured_media":0,"parent":0,"menu_order":0,"comment_status":"closed","ping_status":"closed","template":"","meta":{"footnotes":""},"class_list":["post-5418","page","type-page","status-publish","hentry"],"_links":{"self":[{"href":"https:\/\/dev-nextgen.ecole-sacre-coeur-lorient.com\/index.php\/wp-json\/wp\/v2\/pages\/5418","targetHints":{"allow":["GET"]}}],"collection":[{"href":"https:\/\/dev-nextgen.ecole-sacre-coeur-lorient.com\/index.php\/wp-json\/wp\/v2\/pages"}],"about":[{"href":"https:\/\/dev-nextgen.ecole-sacre-coeur-lorient.com\/index.php\/wp-json\/wp\/v2\/types\/page"}],"author":[{"embeddable":true,"href":"https:\/\/dev-nextgen.ecole-sacre-coeur-lorient.com\/index.php\/wp-json\/wp\/v2\/users\/1"}],"replies":[{"embeddable":true,"href":"https:\/\/dev-nextgen.ecole-sacre-coeur-lorient.com\/index.php\/wp-json\/wp\/v2\/comments?post=5418"}],"version-history":[{"count":2,"href":"https:\/\/dev-nextgen.ecole-sacre-coeur-lorient.com\/index.php\/wp-json\/wp\/v2\/pages\/5418\/revisions"}],"predecessor-version":[{"id":5435,"href":"https:\/\/dev-nextgen.ecole-sacre-coeur-lorient.com\/index.php\/wp-json\/wp\/v2\/pages\/5418\/revisions\/5435"}],"wp:attachment":[{"href":"https:\/\/dev-nextgen.ecole-sacre-coeur-lorient.com\/index.php\/wp-json\/wp\/v2\/media?parent=5418"}],"curies":[{"name":"wp","href":"https:\/\/api.w.org\/{rel}","templated":true}]}}