{"id":5407,"date":"2024-03-29T13:22:29","date_gmt":"2024-03-29T12:22:29","guid":{"rendered":"http:\/\/dev-nextgen.ecole-sacre-coeur-lorient.com\/?page_id=5407"},"modified":"2024-03-29T13:39:22","modified_gmt":"2024-03-29T12:39:22","slug":"goose-sophie","status":"publish","type":"page","link":"https:\/\/dev-nextgen.ecole-sacre-coeur-lorient.com\/index.php\/goose-sophie\/","title":{"rendered":"Goose &#038; Sophie"},"content":{"rendered":"<div class=\"wpb-content-wrapper\"><p>[vc_row][vc_column width=\u00a0\u00bb2\/3&Prime;][vc_column_text]<em>All the classes read some books of Sophie and Goose in English, and we decided to imagine 4 new books\u00a0! We learnt how to draw Sophie, how to draw Goose, the colours for the youngest ones in order to paint the pages and a big work on how to write properly the texts going with the illustrations. We &lsquo;d like to share this experience with Laura Wall. We&rsquo;re going to write her and invite her to come in our school then we&rsquo;ll send her our 4 imagined books. We hope she will get in touch with us\u00a0! Fingers crossed\u00a0!\u00a0\u00a0<\/em><\/p>\n<p>Avec Jenny, toutes les classes participent \u00e0 ce nouveau projet de cr\u00e9ation de 4 nouveaux livres dans la continuit\u00e9 de la s\u00e9rie d&rsquo;albums \u00ab\u00a0Goose &amp; Sophie\u00a0\u00bb de Laura Wall. (<a href=\"https:\/\/www.gooseandfriends.com\/\">https:\/\/www.gooseandfriends.com\/<\/a>)<\/p>\n<p>Apr\u00e8s avoir d\u00e9couvert tous les albums, les \u00e9l\u00e8ves ont pu se mettre \u00e0 l\u2019\u0153uvre en se r\u00e9partissant les t\u00e2ches :<\/p>\n<p>Les TPS-PS-MS se chargent des fonds de page, les GS-CP-CE1 dessinent Goose et les CE2-CM1-CM2 dessinent Sophie et \u00e9crivent les textes.<\/p>\n<p>Et voici le r\u00e9sultat :<strong> 1er livre collaboratif entre la classe de CP et CE :<br \/>\n<\/strong><\/p>\n<p style=\"text-align: center;\"><a href=\"https:\/\/read.bookcreator.com\/pA941COSKqTy01tLKnnmmD7m1Zl1\/_qgLqItuShSoKd5KZP360g\"><span style=\"font-size: 18pt; color: #99cc00;\"><strong><span style=\"text-decoration: underline;\">le livre de GS et CM1<\/span><\/strong><\/span><\/a><\/p>\n<p>Les \u00e9l\u00e8ves souhaitent inviter l&rsquo;auteur Laura Wall \u00e0 l&rsquo;\u00e9cole afin de pr\u00e9senter leur projet et le r\u00e9sultat des 4 nouvels albums cr\u00e9\u00e9s. En attendant, les \u00e9l\u00e8ves lui montrent les beaux paysages de notre Bretagne :<\/p>\n<p><strong>R\u00e9ponse de Laura Wall :<\/strong><\/p>\n<p class=\"yiv1496733263MsoNormal\"><em>\u00ab\u00a0Hi Jennifer and all the children at Sacre Coeur,<\/em><\/p>\n<div>\n<p class=\"yiv1496733263MsoNormal\"><em>\u00a0WOW! I love these stories\u00a0so\u00a0much! I really hope I am not too late replying, I have been visiting schools here in Devon where I live and only just been able to read your stories. I am sorry for my late reply, I wanted to read them all properly!\u00a0<\/em><\/p>\n<\/div>\n<div>\n<p class=\"yiv1496733263MsoNormal\"><em>\u00a0I was laughing so much, I absolutely love all of them, but particularly I love Goose and his Family. The characters Goose meets are so funny! The illustrations are fantastic and the stories are all very creative. You have all worked so hard!<\/em><\/p>\n<\/div>\n<div>\n<p class=\"yiv1496733263MsoNormal\"><em>\u00a0Gosh! Didn\u2019t Sophie and Goose have a lot of dressing up costumes?! I was very impressed with all the things they dressed up in!<\/em><\/p>\n<\/div>\n<div>\n<p class=\"yiv1496733263MsoNormal\"><em>\u00a0Well done children. You should all be very proud of yourselves, what great illustrators and authors you are with brilliant imaginations! And how fantastic Jennifer that you created these books with them, I am going to share them with my publisher as I know they will be delighted to see how the children have been so inspired!\u00a0<\/em><\/p>\n<\/div>\n<div>\n<p class=\"yiv1496733263MsoNormal\"><em>\u00a0Thank you and have a fantastic summer holiday!<\/em><\/p>\n<\/div>\n<div>\n<p class=\"yiv1496733263MsoNormal\"><em>\u00a0Love Laura Wall\u00a0\u00bb<\/em><\/p>\n<\/div>\n<p>[\/vc_column_text][\/vc_column][vc_column width=\u00a0\u00bb1\/3&Prime;][vc_images_carousel images=\u00a0\u00bb5365,5364,5363,5362&Prime; img_size=\u00a0\u00bbmedium\u00a0\u00bb autoplay=\u00a0\u00bbyes\u00a0\u00bb wrap=\u00a0\u00bbyes\u00a0\u00bb][vc_single_image image=\u00a0\u00bb5412&Prime; img_size=\u00a0\u00bbmedium\u00a0\u00bb onclick=\u00a0\u00bblink_image\u00a0\u00bb][vc_single_image image=\u00a0\u00bb5415&Prime; img_size=\u00a0\u00bbmedium\u00a0\u00bb alignment=\u00a0\u00bbcenter\u00a0\u00bb onclick=\u00a0\u00bblink_image\u00a0\u00bb][vc_single_image image=\u00a0\u00bb5414&Prime; img_size=\u00a0\u00bbmedium\u00a0\u00bb alignment=\u00a0\u00bbcenter\u00a0\u00bb onclick=\u00a0\u00bblink_image\u00a0\u00bb][\/vc_column][\/vc_row][vc_row][vc_column][\/vc_column][\/vc_row]<\/p>\n<\/div>","protected":false},"excerpt":{"rendered":"<p>[vc_row][vc_column width=\u00a0\u00bb2\/3&Prime;][vc_column_text]All the classes read some books of Sophie and Goose in English, and we decided to imagine 4 new books\u00a0! We learnt how to draw Sophie, how to draw Goose, the colours for the youngest ones in order to paint the pages and a big work on how to write properly the texts going [&hellip;]<\/p>\n","protected":false},"author":1,"featured_media":0,"parent":0,"menu_order":0,"comment_status":"closed","ping_status":"closed","template":"","meta":{"footnotes":""},"class_list":["post-5407","page","type-page","status-publish","hentry"],"_links":{"self":[{"href":"https:\/\/dev-nextgen.ecole-sacre-coeur-lorient.com\/index.php\/wp-json\/wp\/v2\/pages\/5407","targetHints":{"allow":["GET"]}}],"collection":[{"href":"https:\/\/dev-nextgen.ecole-sacre-coeur-lorient.com\/index.php\/wp-json\/wp\/v2\/pages"}],"about":[{"href":"https:\/\/dev-nextgen.ecole-sacre-coeur-lorient.com\/index.php\/wp-json\/wp\/v2\/types\/page"}],"author":[{"embeddable":true,"href":"https:\/\/dev-nextgen.ecole-sacre-coeur-lorient.com\/index.php\/wp-json\/wp\/v2\/users\/1"}],"replies":[{"embeddable":true,"href":"https:\/\/dev-nextgen.ecole-sacre-coeur-lorient.com\/index.php\/wp-json\/wp\/v2\/comments?post=5407"}],"version-history":[{"count":5,"href":"https:\/\/dev-nextgen.ecole-sacre-coeur-lorient.com\/index.php\/wp-json\/wp\/v2\/pages\/5407\/revisions"}],"predecessor-version":[{"id":5416,"href":"https:\/\/dev-nextgen.ecole-sacre-coeur-lorient.com\/index.php\/wp-json\/wp\/v2\/pages\/5407\/revisions\/5416"}],"wp:attachment":[{"href":"https:\/\/dev-nextgen.ecole-sacre-coeur-lorient.com\/index.php\/wp-json\/wp\/v2\/media?parent=5407"}],"curies":[{"name":"wp","href":"https:\/\/api.w.org\/{rel}","templated":true}]}}