{"id":5322,"date":"2024-03-26T14:16:23","date_gmt":"2024-03-26T13:16:23","guid":{"rendered":"http:\/\/dev-nextgen.ecole-sacre-coeur-lorient.com\/?page_id=5322"},"modified":"2024-04-05T11:58:42","modified_gmt":"2024-04-05T09:58:42","slug":"louverture-internationale","status":"publish","type":"page","link":"https:\/\/dev-nextgen.ecole-sacre-coeur-lorient.com\/index.php\/louverture-internationale\/","title":{"rendered":"L&rsquo;ouverture internationale"},"content":{"rendered":"<div class=\"wpb-content-wrapper\"><p>[vc_row][vc_column width=\u00a0\u00bb1\/4&Prime;][vc_icon icon_fontawesome=\u00a0\u00bbstm-icon stm-icon-certificate\u00a0\u00bb color=\u00a0\u00bbgreen\u00a0\u00bb background_style=\u00a0\u00bbrounded-less\u00a0\u00bb background_color=\u00a0\u00bbcustom\u00a0\u00bb size=\u00a0\u00bbxl\u00a0\u00bb align=\u00a0\u00bbright\u00a0\u00bb css_animation=\u00a0\u00bbbounceInLeft\u00a0\u00bb][\/vc_column][vc_column width=\u00a0\u00bb3\/4&Prime;][vc_column_text]<\/p>\n<h1><span style=\"color: #99cc00;\"><strong><span style=\"font-size: 36pt;\">Notre projet p\u00e9dagogique<\/span><\/strong><\/span><\/h1>\n<p>[\/vc_column_text][\/vc_column][\/vc_row][vc_row][vc_column width=\u00a0\u00bb1\/4&Prime;][vc_column_text css_animation=\u00a0\u00bbfadeInDown\u00a0\u00bb]<img loading=\"lazy\" decoding=\"async\" class=\" wp-image-5326 aligncenter\" src=\"http:\/\/dev-nextgen.ecole-sacre-coeur-lorient.com\/wp-content\/uploads\/2024\/03\/label-ouverture-internationale-198x300.png\" alt=\"\" width=\"209\" height=\"317\" srcset=\"https:\/\/dev-nextgen.ecole-sacre-coeur-lorient.com\/wp-content\/uploads\/2024\/03\/label-ouverture-internationale-198x300.png 198w, https:\/\/dev-nextgen.ecole-sacre-coeur-lorient.com\/wp-content\/uploads\/2024\/03\/label-ouverture-internationale.png 508w\" sizes=\"auto, (max-width: 209px) 100vw, 209px\" \/><\/p>\n<p>&nbsp;<\/p>\n<p><img loading=\"lazy\" decoding=\"async\" class=\"size-medium wp-image-5327 aligncenter\" src=\"http:\/\/dev-nextgen.ecole-sacre-coeur-lorient.com\/wp-content\/uploads\/2024\/03\/cap-sur-langlais-212x300.jpg\" alt=\"\" width=\"212\" height=\"300\" srcset=\"https:\/\/dev-nextgen.ecole-sacre-coeur-lorient.com\/wp-content\/uploads\/2024\/03\/cap-sur-langlais-212x300.jpg 212w, https:\/\/dev-nextgen.ecole-sacre-coeur-lorient.com\/wp-content\/uploads\/2024\/03\/cap-sur-langlais-724x1024.jpg 724w, https:\/\/dev-nextgen.ecole-sacre-coeur-lorient.com\/wp-content\/uploads\/2024\/03\/cap-sur-langlais-768x1086.jpg 768w, https:\/\/dev-nextgen.ecole-sacre-coeur-lorient.com\/wp-content\/uploads\/2024\/03\/cap-sur-langlais-1086x1536.jpg 1086w, https:\/\/dev-nextgen.ecole-sacre-coeur-lorient.com\/wp-content\/uploads\/2024\/03\/cap-sur-langlais-600x849.jpg 600w, https:\/\/dev-nextgen.ecole-sacre-coeur-lorient.com\/wp-content\/uploads\/2024\/03\/cap-sur-langlais.jpg 1240w\" sizes=\"auto, (max-width: 212px) 100vw, 212px\" \/>[\/vc_column_text][\/vc_column][vc_column width=\u00a0\u00bb3\/4&Prime;][vc_column_text]<\/p>\n<div class=\"span12 \">\n<p>En mati\u00e8re p\u00e9dagogique, chaque ann\u00e9e, nous aimons nous fixer un <strong>th\u00e8me \u00ab\u00a0fil rouge\u00a0\u00bb<\/strong> autour duquel toutes les classes, des plus petits aux plus grands, vont travailler tout au long de l&rsquo;ann\u00e9e scolaire. Ainsi, il y a eu le th\u00e9\u00e2tre, la g\u00e9om\u00e9trie et la technologie, le cin\u00e9ma, l&rsquo;art et la litt\u00e9rature, puis ce fut l&rsquo;\u00e9criture d&rsquo;un superbe livre, l\u2019ann\u00e9e suivante les sciences exp\u00e9rimentales\u00a0; il y a trois ans nous avons v\u00e9cu une ann\u00e9e autour des langues \u00e9trang\u00e8res, surtout l&rsquo;Anglais et ce fut particuli\u00e8rement riche.<\/p>\n<p>L&rsquo;ann\u00e9e 2017\/2018 le th\u00e8me retenu a \u00e9t\u00e9 bien diff\u00e9rent, certainement moins festif mais tout aussi important\u00a0: Baptis\u00e9 \u00ab\u00a0Bonheur d&rsquo;\u00eatre, Plaisir de conna\u00eetre\u00a0\u00bb, il s\u2019est d\u00e9clin\u00e9 en divers exercices m\u00ealant sophrologie, relaxation, exercices de yoga, m\u00e9ditation de pleine conscience faits en classe, mais aussi jeux d\u2019\u00e9coute \u00e0 partir des livrets de Retz et du livre \u00ab\u00a0Calme et attentif comme une grenouille\u00a0\u00bb ; les enseignants se formant parall\u00e8lement \u00e0 la <strong>gestion mentale<\/strong>. Nous avons aussi propos\u00e9 aux enfants une initiation \u00e0 l&rsquo;automassage relaxant avec une intervenante sp\u00e9cialis\u00e9e. Ces s\u00e9ances ont eu lieu dans la deuxi\u00e8me partie de l\u2019ann\u00e9e, \u00e0 raison d\u2019une heure par semaine pour chacune de nos onze classes.<\/p>\n<p><strong>Depuis deux ans, le th\u00e8me fil rouge de l\u2019ann\u00e9e est intitul\u00e9\u00a0:<\/strong><\/p>\n<p><strong>CAP sur L\u2019ANGLAIS\u00a0!<\/strong><\/p>\n<p>En effet, nous souhaitons \u00eatre un lieu d&rsquo;excellence dans l\u2019apprentissage de l&rsquo;anglais en renfor\u00e7ant le niveau de comp\u00e9tences en langues de nos \u00e9l\u00e8ves. Ainsi, nous travaillons avec une intervenante ext\u00e9rieure, \u00e0 raison d\u2019une s\u00e9ance par semaine par classe.<\/p>\n<ul>\n<li style=\"list-style-type: none;\">\n<ul>\n<li><strong>Les enfants de maternelle\u00a0<\/strong> travaillent avec la <strong>M\u00e9thode ILII : Initiation Linguisitique Int\u00e9ractive Inenglish, <\/strong>en lien avec l&rsquo;association FIZZ de notre r\u00e9f\u00e9rente langue Jenny. <strong><br \/>\n<\/strong><\/li>\n<\/ul>\n<p>&nbsp;<\/li>\n<\/ul>\n<p>Nous vivrons <strong>des journ\u00e9es anglo-saxonnes<\/strong> de temps forts pour toutes les classes, au cours de l\u2019ann\u00e9e\u00a0:<\/p>\n<ul>\n<li>une rencontre sportive en Anglais avec le Merry Go Round,<\/li>\n<li>deux journ\u00e9es seront v\u00e9cues en uniforme avec repas anglosaxon : le jour de Thanksgiving en novembre et le Pancake Day avec concours de chapeaux (en lien avec the Queen&rsquo;s Hat),<\/li>\n<li>Mais aussi de l&rsquo;ouverture sur d&rsquo;autres langues, d&rsquo;autres cultures au travers de multiples projets de cycle ou de classe, telle la sensibilisation \u00e0 la langue allemande avec un professeur de coll\u00e8ge qui viendra en classe de CM2 &#8230;<\/li>\n<\/ul>\n<\/div>\n<p>[\/vc_column_text][\/vc_column][\/vc_row][vc_row][vc_column width=\u00a0\u00bb1\/4&Prime;][vc_icon icon_fontawesome=\u00a0\u00bbfas fa-sign-language\u00a0\u00bb color=\u00a0\u00bbgreen\u00a0\u00bb background_style=\u00a0\u00bbrounded-less\u00a0\u00bb background_color=\u00a0\u00bbcustom\u00a0\u00bb size=\u00a0\u00bbxl\u00a0\u00bb align=\u00a0\u00bbright\u00a0\u00bb css_animation=\u00a0\u00bbbounceInLeft\u00a0\u00bb][\/vc_column][vc_column width=\u00a0\u00bb3\/4&Prime;][vc_column_text]<\/p>\n<h1><span style=\"color: #99cc00;\"><strong><span style=\"font-size: 36pt;\">Nos actions<\/span><\/strong><\/span><\/h1>\n<p>[\/vc_column_text][\/vc_column][\/vc_row][vc_row][vc_column width=\u00a0\u00bb1\/3&Prime;][vc_hoverbox image=\u00a0\u00bb5329&Prime; primary_title=\u00a0\u00bb\u00a0\u00bb hover_title=\u00a0\u00bb\u00a0\u00bb hover_background_color=\u00a0\u00bbcustom\u00a0\u00bb hover_btn_title=\u00a0\u00bbLire\u00a0\u00bb hover_btn_color=\u00a0\u00bbgreen\u00a0\u00bb hover_btn_size=\u00a0\u00bblg\u00a0\u00bb hover_btn_align=\u00a0\u00bbcenter\u00a0\u00bb hover_add_button=\u00a0\u00bbtrue\u00a0\u00bb hover_btn_button_block=\u00a0\u00bbtrue\u00a0\u00bb hover_btn_link=\u00a0\u00bburl:http%3A%2F%2Fdev-nextgen.ecole-sacre-coeur-lorient.com%2Findex.php%2Fgoose-sophie%2F|title:Goose%20%26%20Sophie\u00a0\u00bb]Notre projet Goose et Sophie[\/vc_hoverbox][\/vc_column][vc_column width=\u00a0\u00bb1\/3&Prime;][vc_hoverbox image=\u00a0\u00bb5330&Prime; primary_title=\u00a0\u00bb\u00a0\u00bb hover_title=\u00a0\u00bb\u00a0\u00bb hover_background_color=\u00a0\u00bbwhite\u00a0\u00bb hover_btn_title=\u00a0\u00bbLire\u00a0\u00bb hover_btn_color=\u00a0\u00bbsuccess\u00a0\u00bb hover_btn_size=\u00a0\u00bblg\u00a0\u00bb hover_btn_align=\u00a0\u00bbcenter\u00a0\u00bb hover_add_button=\u00a0\u00bbtrue\u00a0\u00bb hover_btn_button_block=\u00a0\u00bbtrue\u00a0\u00bb hover_btn_link=\u00a0\u00bburl:http%3A%2F%2Fdev-nextgen.ecole-sacre-coeur-lorient.com%2Findex.php%2Fwhere-is-jane%2F|title:Where%20is%20Jane%20%3F\u00a0\u00bb]R\u00e9alisation d&rsquo;un livre<\/p>\n<p>&nbsp;[\/vc_hoverbox][\/vc_column][vc_column width=\u00a0\u00bb1\/3&Prime;][vc_hoverbox image=\u00a0\u00bb5331&Prime; primary_title=\u00a0\u00bb\u00a0\u00bb hover_title=\u00a0\u00bb\u00a0\u00bb hover_background_color=\u00a0\u00bbwhite\u00a0\u00bb hover_btn_title=\u00a0\u00bbLire\u00a0\u00bb hover_btn_color=\u00a0\u00bbgreen\u00a0\u00bb hover_btn_size=\u00a0\u00bblg\u00a0\u00bb hover_btn_align=\u00a0\u00bbcenter\u00a0\u00bb hover_add_button=\u00a0\u00bbtrue\u00a0\u00bb hover_btn_button_block=\u00a0\u00bbtrue\u00a0\u00bb hover_btn_link=\u00a0\u00bburl:http%3A%2F%2Fdev-nextgen.ecole-sacre-coeur-lorient.com%2Findex.php%2Fle-pancake-day%2F|title:Le%20pancake%20day\u00a0\u00bb]Le pancake day[\/vc_hoverbox][\/vc_column][\/vc_row][vc_row][vc_column][vc_empty_space][\/vc_column][\/vc_row][vc_row][vc_column][vc_empty_space][\/vc_column][\/vc_row][vc_row][vc_column width=\u00a0\u00bb1\/3&Prime;][vc_hoverbox image=\u00a0\u00bb5332&Prime; primary_title=\u00a0\u00bb\u00a0\u00bb hover_title=\u00a0\u00bb\u00a0\u00bb hover_background_color=\u00a0\u00bbwhite\u00a0\u00bb hover_btn_title=\u00a0\u00bbLire\u00a0\u00bb hover_btn_color=\u00a0\u00bbgreen\u00a0\u00bb hover_btn_size=\u00a0\u00bblg\u00a0\u00bb hover_btn_align=\u00a0\u00bbcenter\u00a0\u00bb hover_add_button=\u00a0\u00bbtrue\u00a0\u00bb hover_btn_button_block=\u00a0\u00bbtrue\u00a0\u00bb hover_btn_link=\u00a0\u00bburl:http%3A%2F%2Fdev-nextgen.ecole-sacre-coeur-lorient.com%2Findex.php%2Fla-correspondance-avec-des-eleves-de-munich%2F|title:La%20correspondance%20avec%20des%20%C3%A9l%C3%A8ves%20de%20Munich\u00a0\u00bb]<\/p>\n<p class=\"title-box_primary\">Les correspondances en anglais avec des \u00e9l\u00e8ves de Munich<\/p>\n<p>[\/vc_hoverbox][\/vc_column][vc_column width=\u00a0\u00bb1\/3&Prime;][vc_hoverbox image=\u00a0\u00bb5334&Prime; primary_title=\u00a0\u00bb\u00a0\u00bb hover_title=\u00a0\u00bb\u00a0\u00bb hover_background_color=\u00a0\u00bbwhite\u00a0\u00bb hover_btn_title=\u00a0\u00bbLire\u00a0\u00bb hover_btn_color=\u00a0\u00bbgreen\u00a0\u00bb hover_btn_size=\u00a0\u00bblg\u00a0\u00bb hover_btn_align=\u00a0\u00bbcenter\u00a0\u00bb hover_add_button=\u00a0\u00bbtrue\u00a0\u00bb hover_btn_button_block=\u00a0\u00bbtrue\u00a0\u00bb hover_btn_link=\u00a0\u00bburl:http%3A%2F%2Fdev-nextgen.ecole-sacre-coeur-lorient.com%2Findex.php%2Fnous-fetons-thanksgiving%2F|title:Nous%20f%C3%AAtons%20Thanksgiving\u00a0\u00bb]Nous f\u00eatons Thanksgiving !<\/p>\n<p>&nbsp;[\/vc_hoverbox][\/vc_column][vc_column width=\u00a0\u00bb1\/3&Prime;][vc_hoverbox image=\u00a0\u00bb5335&Prime; primary_title=\u00a0\u00bb\u00a0\u00bb hover_title=\u00a0\u00bb\u00a0\u00bb hover_background_color=\u00a0\u00bbwhite\u00a0\u00bb hover_btn_title=\u00a0\u00bbLire\u00a0\u00bb hover_btn_color=\u00a0\u00bbgreen\u00a0\u00bb hover_btn_size=\u00a0\u00bblg\u00a0\u00bb hover_btn_align=\u00a0\u00bbcenter\u00a0\u00bb hover_add_button=\u00a0\u00bbtrue\u00a0\u00bb hover_btn_button_block=\u00a0\u00bbtrue\u00a0\u00bb hover_btn_link=\u00a0\u00bburl:http%3A%2F%2Fdev-nextgen.ecole-sacre-coeur-lorient.com%2Findex.php%2Fle-nouvel-an-chinois%2F|title:Le%20nouvel%20an%20chinois\u00a0\u00bb]Le nouvel an chinois[\/vc_hoverbox][\/vc_column][\/vc_row][vc_row][vc_column][vc_empty_space][\/vc_column][\/vc_row][vc_row][vc_column width=\u00a0\u00bb1\/3&Prime;][vc_hoverbox image=\u00a0\u00bb5736&Prime; primary_title=\u00a0\u00bb\u00a0\u00bb hover_title=\u00a0\u00bb\u00a0\u00bb hover_background_color=\u00a0\u00bbwhite\u00a0\u00bb hover_btn_title=\u00a0\u00bbLire\u00a0\u00bb hover_btn_color=\u00a0\u00bbgreen\u00a0\u00bb hover_btn_size=\u00a0\u00bblg\u00a0\u00bb hover_btn_align=\u00a0\u00bbcenter\u00a0\u00bb hover_add_button=\u00a0\u00bbtrue\u00a0\u00bb hover_btn_button_block=\u00a0\u00bbtrue\u00a0\u00bb hover_btn_link=\u00a0\u00bburl:https%3A%2F%2Fyoutu.be%2F2QAIKGaXGz0%3Fsi%3DJOvIRvrY0SBu4G4b\u00a0\u00bb]Pr\u00e9sentation en anglais d&rsquo;une journ\u00e9e de classe en CM2<\/p>\n<p>&nbsp;[\/vc_hoverbox][\/vc_column][vc_column width=\u00a0\u00bb1\/3&Prime;][vc_hoverbox image=\u00a0\u00bb5737&Prime; primary_title=\u00a0\u00bb\u00a0\u00bb hover_title=\u00a0\u00bb\u00a0\u00bb hover_background_color=\u00a0\u00bbwhite\u00a0\u00bb hover_btn_title=\u00a0\u00bbLire\u00a0\u00bb hover_btn_color=\u00a0\u00bbgreen\u00a0\u00bb hover_btn_size=\u00a0\u00bblg\u00a0\u00bb hover_btn_align=\u00a0\u00bbcenter\u00a0\u00bb hover_add_button=\u00a0\u00bbtrue\u00a0\u00bb hover_btn_button_block=\u00a0\u00bbtrue\u00a0\u00bb hover_btn_link=\u00a0\u00bburl:https%3A%2F%2Fyoutu.be%2FqjgaoJHyBU8%3Fsi%3D5lW-bBPKMAEwws4J\u00a0\u00bb]<\/p>\n<p class=\"title-box_primary\">Chanson \u00ab skidamarink \u00bb avec Estelle<\/p>\n<p>&nbsp;[\/vc_hoverbox][\/vc_column][vc_column width=\u00a0\u00bb1\/3&Prime;][vc_hoverbox image=\u00a0\u00bb5480&Prime; primary_title=\u00a0\u00bb\u00a0\u00bb hover_title=\u00a0\u00bb\u00a0\u00bb hover_background_color=\u00a0\u00bbwhite\u00a0\u00bb hover_btn_title=\u00a0\u00bbLire\u00a0\u00bb hover_btn_color=\u00a0\u00bbgreen\u00a0\u00bb hover_btn_size=\u00a0\u00bblg\u00a0\u00bb hover_btn_align=\u00a0\u00bbcenter\u00a0\u00bb hover_add_button=\u00a0\u00bbtrue\u00a0\u00bb hover_btn_button_block=\u00a0\u00bbtrue\u00a0\u00bb hover_btn_link=\u00a0\u00bburl:http%3A%2F%2Fdev-nextgen.ecole-sacre-coeur-lorient.com%2Findex.php%2Fpresentation-de-lecole-en-anglais-pour-les-eleves-de-munich%2F|title:Pr%C3%A9sentation%20de%20l%E2%80%99%C3%A9cole%20en%20anglais%20pour%20les%20%C3%A9l%C3%A8ves%20de%20Munich\u00a0\u00bb]Pr\u00e9sentation de l&rsquo;\u00e9cole en anglais[\/vc_hoverbox][\/vc_column][\/vc_row][vc_row][vc_column][vc_empty_space][\/vc_column][\/vc_row][vc_row][vc_column width=\u00a0\u00bb1\/3&Prime;][vc_hoverbox image=\u00a0\u00bb5482&Prime; primary_title=\u00a0\u00bb\u00a0\u00bb hover_title=\u00a0\u00bb\u00a0\u00bb hover_background_color=\u00a0\u00bbwhite\u00a0\u00bb hover_btn_title=\u00a0\u00bbLire\u00a0\u00bb hover_btn_color=\u00a0\u00bbgreen\u00a0\u00bb hover_btn_size=\u00a0\u00bblg\u00a0\u00bb hover_btn_align=\u00a0\u00bbcenter\u00a0\u00bb hover_add_button=\u00a0\u00bbtrue\u00a0\u00bb hover_btn_button_block=\u00a0\u00bbtrue\u00a0\u00bb hover_btn_link=\u00a0\u00bburl:http%3A%2F%2Fdev-nextgen.ecole-sacre-coeur-lorient.com%2Findex.php%2Fprojet-erasmus-mobilite-du-personnel%2F|title:Projet%20Erasmus%20%E2%80%93%20Mobilit%C3%A9%20du%20personnel\u00a0\u00bb]Mobilit\u00e9 de l&rsquo;\u00e9quipe \u00e9ducative \u00e0 Malte via Erasmus<\/p>\n<p>&nbsp;[\/vc_hoverbox][\/vc_column][vc_column width=\u00a0\u00bb1\/3&Prime;][vc_hoverbox image=\u00a0\u00bb5489&Prime; primary_title=\u00a0\u00bb\u00a0\u00bb hover_title=\u00a0\u00bb\u00a0\u00bb hover_background_color=\u00a0\u00bbwhite\u00a0\u00bb hover_btn_title=\u00a0\u00bbLire\u00a0\u00bb hover_btn_color=\u00a0\u00bbgreen\u00a0\u00bb hover_btn_size=\u00a0\u00bblg\u00a0\u00bb hover_btn_align=\u00a0\u00bbcenter\u00a0\u00bb hover_add_button=\u00a0\u00bbtrue\u00a0\u00bb hover_btn_button_block=\u00a0\u00bbtrue\u00a0\u00bb hover_btn_link=\u00a0\u00bburl:http%3A%2F%2Fdev-nextgen.ecole-sacre-coeur-lorient.com%2Findex.php%2Frencontre-mg-gs-et-ce1-ce2-pour-la-saint-patrick%2F|title:Rencontre%20MG%2FGS%20et%20CE1%2FCE2%20pour%20la%20Saint%20Patrick\u00a0\u00bb]<\/p>\n<p class=\"title-box_primary\">Rencontre MG\/GS et CE1\/CE2 pour la Saint Patrick<\/p>\n<p>[\/vc_hoverbox][\/vc_column][vc_column width=\u00a0\u00bb1\/3&Prime;][vc_hoverbox image=\u00a0\u00bb5502&Prime; primary_title=\u00a0\u00bb\u00a0\u00bb hover_title=\u00a0\u00bb\u00a0\u00bb hover_background_color=\u00a0\u00bbwhite\u00a0\u00bb hover_btn_title=\u00a0\u00bbLire\u00a0\u00bb hover_btn_color=\u00a0\u00bbgreen\u00a0\u00bb hover_btn_size=\u00a0\u00bblg\u00a0\u00bb hover_btn_align=\u00a0\u00bbcenter\u00a0\u00bb hover_add_button=\u00a0\u00bbtrue\u00a0\u00bb hover_btn_button_block=\u00a0\u00bbtrue\u00a0\u00bb hover_btn_link=\u00a0\u00bburl:http%3A%2F%2Fdev-nextgen.ecole-sacre-coeur-lorient.com%2Findex.php%2Flanglais-avec-estelle%2F|title:L%E2%80%99anglais%20avec%20Estelle\u00a0\u00bb]L&rsquo;anglais avec Estelle<\/p>\n<p>&nbsp;[\/vc_hoverbox][\/vc_column][\/vc_row][vc_row][vc_column width=\u00a0\u00bb1\/3&Prime;][\/vc_column][vc_column width=\u00a0\u00bb1\/3&Prime;][\/vc_column][\/vc_row]<\/p>\n<\/div>","protected":false},"excerpt":{"rendered":"<p>[vc_row][vc_column width=\u00a0\u00bb1\/4&Prime;][vc_icon icon_fontawesome=\u00a0\u00bbstm-icon stm-icon-certificate\u00a0\u00bb color=\u00a0\u00bbgreen\u00a0\u00bb background_style=\u00a0\u00bbrounded-less\u00a0\u00bb background_color=\u00a0\u00bbcustom\u00a0\u00bb size=\u00a0\u00bbxl\u00a0\u00bb align=\u00a0\u00bbright\u00a0\u00bb css_animation=\u00a0\u00bbbounceInLeft\u00a0\u00bb][\/vc_column][vc_column width=\u00a0\u00bb3\/4&Prime;][vc_column_text] Notre projet p\u00e9dagogique [\/vc_column_text][\/vc_column][\/vc_row][vc_row][vc_column width=\u00a0\u00bb1\/4&Prime;][vc_column_text css_animation=\u00a0\u00bbfadeInDown\u00a0\u00bb] &nbsp; [\/vc_column_text][\/vc_column][vc_column width=\u00a0\u00bb3\/4&Prime;][vc_column_text] En mati\u00e8re p\u00e9dagogique, chaque ann\u00e9e, nous aimons nous fixer un th\u00e8me \u00ab\u00a0fil rouge\u00a0\u00bb autour duquel toutes les classes, des plus petits aux plus grands, vont travailler tout au long de l&rsquo;ann\u00e9e scolaire. Ainsi, il y [&hellip;]<\/p>\n","protected":false},"author":1,"featured_media":0,"parent":0,"menu_order":0,"comment_status":"closed","ping_status":"closed","template":"","meta":{"footnotes":""},"class_list":["post-5322","page","type-page","status-publish","hentry"],"_links":{"self":[{"href":"https:\/\/dev-nextgen.ecole-sacre-coeur-lorient.com\/index.php\/wp-json\/wp\/v2\/pages\/5322","targetHints":{"allow":["GET"]}}],"collection":[{"href":"https:\/\/dev-nextgen.ecole-sacre-coeur-lorient.com\/index.php\/wp-json\/wp\/v2\/pages"}],"about":[{"href":"https:\/\/dev-nextgen.ecole-sacre-coeur-lorient.com\/index.php\/wp-json\/wp\/v2\/types\/page"}],"author":[{"embeddable":true,"href":"https:\/\/dev-nextgen.ecole-sacre-coeur-lorient.com\/index.php\/wp-json\/wp\/v2\/users\/1"}],"replies":[{"embeddable":true,"href":"https:\/\/dev-nextgen.ecole-sacre-coeur-lorient.com\/index.php\/wp-json\/wp\/v2\/comments?post=5322"}],"version-history":[{"count":21,"href":"https:\/\/dev-nextgen.ecole-sacre-coeur-lorient.com\/index.php\/wp-json\/wp\/v2\/pages\/5322\/revisions"}],"predecessor-version":[{"id":5738,"href":"https:\/\/dev-nextgen.ecole-sacre-coeur-lorient.com\/index.php\/wp-json\/wp\/v2\/pages\/5322\/revisions\/5738"}],"wp:attachment":[{"href":"https:\/\/dev-nextgen.ecole-sacre-coeur-lorient.com\/index.php\/wp-json\/wp\/v2\/media?parent=5322"}],"curies":[{"name":"wp","href":"https:\/\/api.w.org\/{rel}","templated":true}]}}