{"id":5187,"date":"2024-03-24T17:33:00","date_gmt":"2024-03-24T16:33:00","guid":{"rendered":"http:\/\/dev-nextgen.ecole-sacre-coeur-lorient.com\/?page_id=5187"},"modified":"2024-04-05T15:52:33","modified_gmt":"2024-04-05T13:52:33","slug":"les-horaires","status":"publish","type":"page","link":"https:\/\/dev-nextgen.ecole-sacre-coeur-lorient.com\/index.php\/les-horaires\/","title":{"rendered":"Les horaires et le fonctionnement"},"content":{"rendered":"<div class=\"wpb-content-wrapper\"><p>[vc_row][vc_column width=\u00a0\u00bb1\/4&Prime;][vc_icon icon_fontawesome=\u00a0\u00bbstm-icon stm-icon-alarm-clock\u00a0\u00bb color=\u00a0\u00bbgreen\u00a0\u00bb background_style=\u00a0\u00bbrounded\u00a0\u00bb background_color=\u00a0\u00bbcustom\u00a0\u00bb size=\u00a0\u00bbxl\u00a0\u00bb align=\u00a0\u00bbright\u00a0\u00bb css_animation=\u00a0\u00bbfadeInDown\u00a0\u00bb][\/vc_column][vc_column width=\u00a0\u00bb3\/4&Prime;][vc_column_text]<\/p>\n<h1><span style=\"color: #99cc00;\"><strong><span style=\"font-size: 36pt;\">Les horaires de l&rsquo;\u00e9cole<\/span><\/strong><\/span><\/h1>\n<p>[\/vc_column_text][\/vc_column][\/vc_row][vc_row][vc_column][vc_column_text]<\/p>\n\n<p class=\"wp-block-heading\" style=\"text-align: center;\"><span style=\"font-size: 24pt; color: #a270d4;\"><strong>Lundi \u2013 Mardi \u2013 Jeudi \u2013 Vendredi : 8 h 40 \u2013 11 h 55 \/ 13 h 30 \u2013 16 h 30<\/strong><\/span><\/p>\n<p>Pour un bon d\u00e9part le matin dans les classes, il est indispensable que les enfants soient \u00e0 l&rsquo;heure \u00e0 l&rsquo;\u00e9cole.<\/p>\n<p>Les retards perturbent la classe et l&rsquo;enfant manque des informations sur la vie de la classe ou des consignes pour bien commencer son activit\u00e9.<\/p>\n<p>En maternelle, l&rsquo;arriv\u00e9e pour la sieste doit se faire imp\u00e9rativement pour 13 h 30, pas apr\u00e8s, car la salle de repos est d\u00e9sormais commune.<\/p>\n<p>L&rsquo;accueil des \u00e9l\u00e8ves se fait le matin \u00e0 partir de 8 h 25. <strong>Les enfants qui arrivent avant 8h25 vont automatiquement en garderie<\/strong>. L&rsquo;apr\u00e8s\u2013midi l&rsquo;accueil se fait \u00e0 partir de 13 h 15 pour les enfants qui ne mangent pas \u00e0 la cantine. (soit un quart d\u2019heure avant l\u2019entr\u00e9e en classe).<\/p>\n<p><strong>Merci de respecter les horaires pour le bon fonctionnement des classes.<\/strong><\/p>\n<p><!-- \/wp:post-content -->&nbsp;<\/p>\n<p><!-- wp:paragraph --><span style=\"font-size: 18pt;\"><strong>Le midi le portail est ferm\u00e9 de 12h 15 \u00e0 13h 15.<\/strong><\/span><\/p>\n<p><!-- \/wp:paragraph -->&nbsp;[\/vc_column_text][\/vc_column][\/vc_row][vc_row][vc_column width=\u00a0\u00bb1\/4&Prime;][vc_icon icon_fontawesome=\u00a0\u00bbstm-icon stm-icon-abc-block-kinder\u00a0\u00bb color=\u00a0\u00bbgreen\u00a0\u00bb background_style=\u00a0\u00bbrounded\u00a0\u00bb background_color=\u00a0\u00bbcustom\u00a0\u00bb size=\u00a0\u00bbxl\u00a0\u00bb align=\u00a0\u00bbright\u00a0\u00bb css_animation=\u00a0\u00bbfadeInDown\u00a0\u00bb][\/vc_column][vc_column width=\u00a0\u00bb3\/4&Prime;][vc_column_text]<\/p>\n<h1><span style=\"color: #99cc00;\"><strong><span style=\"font-size: 36pt;\">La garderie<\/span><\/strong><\/span><\/h1>\n<p>[\/vc_column_text][\/vc_column][\/vc_row][vc_row][vc_column][vc_column_text]Les services de garderie et d\u2019\u00e9tude sont assur\u00e9s <span style=\"font-size: 18pt; color: #a77dd1;\"><strong>le lundi, mardi, jeudi et vendredi.<\/strong><\/span><\/p>\n<p><strong>Toute heure commenc\u00e9e est due<\/strong>.<\/p>\n<p><strong><u>Les horaires <\/u><\/strong><strong>: <\/strong><\/p>\n<p>&#8211; de <strong>7 h 30<\/strong> \u00e0 8 h 25 le matin,<\/p>\n<p>&#8211; de 16 h 45 \u00e0 <strong>18 h30<\/strong> le soir. Merci d\u2019\u00eatre attentifs \u00e0 respecter les horaires.[\/vc_column_text][\/vc_column][\/vc_row][vc_row][vc_column width=\u00a0\u00bb1\/4&Prime;][vc_icon icon_fontawesome=\u00a0\u00bbstm-icon stm-icon-teacher\u00a0\u00bb color=\u00a0\u00bbgreen\u00a0\u00bb background_style=\u00a0\u00bbrounded\u00a0\u00bb background_color=\u00a0\u00bbcustom\u00a0\u00bb size=\u00a0\u00bbxl\u00a0\u00bb align=\u00a0\u00bbright\u00a0\u00bb css_animation=\u00a0\u00bbfadeInDown\u00a0\u00bb][\/vc_column][vc_column width=\u00a0\u00bb3\/4&Prime;][vc_column_text]<\/p>\n<h1><span style=\"color: #99cc00;\"><strong><span style=\"font-size: 36pt;\">L&rsquo;\u00e9tude surveill\u00e9e<\/span><\/strong><\/span><\/h1>\n<p>[\/vc_column_text][\/vc_column][\/vc_row][vc_row][vc_column][vc_column_text]<span style=\"font-size: 18pt; color: #a477d1;\"><strong>Une heure de travail<\/strong> de 16h 45 \u00e0 17h 45 le lundi, mardi, jeudi et vendredi.<\/span><\/p>\n<p>Les enfants qui ne resteraient pas l\u2019heure compl\u00e8te, ne seront pas pris en charge \u00e0 l\u2019\u00e9tude mais \u00e0 la garderie.<\/p>\n<p>Les parents ne sont pas autoris\u00e9s \u00e0 monter chercher les enfants dans les \u00e9tages, sauf cas exceptionnel. A la fin de l&rsquo;\u00e9tude, l&rsquo;enfant rentre directement chez lui. Celui qui attend ses parents le fait \u00e0 la <strong>garderie<\/strong>.[\/vc_column_text][\/vc_column][\/vc_row][vc_row][vc_column width=\u00a0\u00bb1\/4&Prime;][vc_icon icon_fontawesome=\u00a0\u00bbstm-icon stm-icon-file\u00a0\u00bb color=\u00a0\u00bbgreen\u00a0\u00bb background_style=\u00a0\u00bbrounded\u00a0\u00bb background_color=\u00a0\u00bbcustom\u00a0\u00bb size=\u00a0\u00bbxl\u00a0\u00bb align=\u00a0\u00bbright\u00a0\u00bb css_animation=\u00a0\u00bbfadeInDown\u00a0\u00bb][\/vc_column][vc_column width=\u00a0\u00bb3\/4&Prime;][vc_column_text]<\/p>\n<h1><span style=\"font-size: 36pt; color: #99cc00;\"><strong>Les Activit\u00e9s P\u00e9dagogiques Compl\u00e9mentaires<\/strong><\/span><\/h1>\n<p>[\/vc_column_text][\/vc_column][\/vc_row][vc_row][vc_column][vc_column_text]L\u2019\u00e9quipe p\u00e9dagogique propose aux enfants qui en ont besoin, du <strong>travail de soutien<\/strong> sous la forme d\u2019aide au travail et de m\u00e9thodologie, mais aussi <strong>un travail de reprise<\/strong> de notions non ou mal comprises, le <strong>mardi <\/strong>apr\u00e8s la classe\u00a0:<strong> de 16h45 \u00e0 17h45.<\/strong><\/p>\n<p>Les familles concern\u00e9es sont avis\u00e9es par leur enseignant d\u00e8s la fin de la premi\u00e8re semaine de classe.[\/vc_column_text][\/vc_column][\/vc_row]<\/p>\n<\/div>","protected":false},"excerpt":{"rendered":"<p>[vc_row][vc_column width=\u00a0\u00bb1\/4&Prime;][vc_icon icon_fontawesome=\u00a0\u00bbstm-icon stm-icon-alarm-clock\u00a0\u00bb color=\u00a0\u00bbgreen\u00a0\u00bb background_style=\u00a0\u00bbrounded\u00a0\u00bb background_color=\u00a0\u00bbcustom\u00a0\u00bb size=\u00a0\u00bbxl\u00a0\u00bb align=\u00a0\u00bbright\u00a0\u00bb css_animation=\u00a0\u00bbfadeInDown\u00a0\u00bb][\/vc_column][vc_column width=\u00a0\u00bb3\/4&Prime;][vc_column_text] Les horaires de l&rsquo;\u00e9cole [\/vc_column_text][\/vc_column][\/vc_row][vc_row][vc_column][vc_column_text] Lundi \u2013 Mardi \u2013 Jeudi \u2013 Vendredi : 8 h 40 \u2013 11 h 55 \/ 13 h 30 \u2013 16 h 30 Pour un bon d\u00e9part le matin dans les classes, il est indispensable que les enfants soient [&hellip;]<\/p>\n","protected":false},"author":1,"featured_media":0,"parent":0,"menu_order":0,"comment_status":"closed","ping_status":"closed","template":"","meta":{"footnotes":""},"class_list":["post-5187","page","type-page","status-publish","hentry"],"_links":{"self":[{"href":"https:\/\/dev-nextgen.ecole-sacre-coeur-lorient.com\/index.php\/wp-json\/wp\/v2\/pages\/5187","targetHints":{"allow":["GET"]}}],"collection":[{"href":"https:\/\/dev-nextgen.ecole-sacre-coeur-lorient.com\/index.php\/wp-json\/wp\/v2\/pages"}],"about":[{"href":"https:\/\/dev-nextgen.ecole-sacre-coeur-lorient.com\/index.php\/wp-json\/wp\/v2\/types\/page"}],"author":[{"embeddable":true,"href":"https:\/\/dev-nextgen.ecole-sacre-coeur-lorient.com\/index.php\/wp-json\/wp\/v2\/users\/1"}],"replies":[{"embeddable":true,"href":"https:\/\/dev-nextgen.ecole-sacre-coeur-lorient.com\/index.php\/wp-json\/wp\/v2\/comments?post=5187"}],"version-history":[{"count":10,"href":"https:\/\/dev-nextgen.ecole-sacre-coeur-lorient.com\/index.php\/wp-json\/wp\/v2\/pages\/5187\/revisions"}],"predecessor-version":[{"id":5749,"href":"https:\/\/dev-nextgen.ecole-sacre-coeur-lorient.com\/index.php\/wp-json\/wp\/v2\/pages\/5187\/revisions\/5749"}],"wp:attachment":[{"href":"https:\/\/dev-nextgen.ecole-sacre-coeur-lorient.com\/index.php\/wp-json\/wp\/v2\/media?parent=5187"}],"curies":[{"name":"wp","href":"https:\/\/api.w.org\/{rel}","templated":true}]}}