{"id":5176,"date":"2024-03-24T17:21:33","date_gmt":"2024-03-24T16:21:33","guid":{"rendered":"http:\/\/dev-nextgen.ecole-sacre-coeur-lorient.com\/?page_id=5176"},"modified":"2024-03-24T18:13:24","modified_gmt":"2024-03-24T17:13:24","slug":"la-pastorale","status":"publish","type":"page","link":"https:\/\/dev-nextgen.ecole-sacre-coeur-lorient.com\/index.php\/la-pastorale\/","title":{"rendered":"La pastorale et la cat\u00e9ch\u00e8se"},"content":{"rendered":"<div class=\"wpb-content-wrapper\"><p>[vc_row][vc_column][vc_column_text]<\/p>\n<p style=\"text-align: justify;\">D\u00e8s la maternelle, les enfants b\u00e9n\u00e9ficient d&rsquo;un \u00e9veil religieux en lien avec le calendrier liturgique. \u00c0 partir de la classe de CE1, ils entrent officiellement en cat\u00e9ch\u00e8se et b\u00e9n\u00e9ficient d&rsquo;une heure par semaine inscrite dans les programmes.<\/p>\n<p style=\"text-align: justify;\">Une c\u00e9l\u00e9bration d&rsquo;\u00e9cole par p\u00e9riode r\u00e9unit les 11 classes dans la pri\u00e8re.<\/p>\n<p style=\"text-align: justify;\">L&rsquo;\u00e9quipe p\u00e9dagogique, en lien avec la paroisse Sainte Anne d&rsquo;Arvor et son recteur Herv\u00e9 LE BERRE, invitent r\u00e9guli\u00e8rement les enfants et leurs familles \u00e0 participer aux c\u00e9l\u00e9brations dominicales et paroissiales.<\/p>\n<p>[\/vc_column_text][vc_column_text]<div class=\"wp-block-image\"><\/p>\n<figure class=\"aligncenter size-large\"><img loading=\"lazy\" decoding=\"async\" width=\"724\" height=\"1024\" src=\"http:\/\/dev-nextgen.ecole-sacre-coeur-lorient.com\/wp-content\/uploads\/2024\/03\/AFFICHE-DATES-KT-essentiel-2021-2-page-001-724x1024.jpg\" alt=\"\" class=\"wp-image-4576\" srcset=\"https:\/\/dev-nextgen.ecole-sacre-coeur-lorient.com\/wp-content\/uploads\/2024\/03\/AFFICHE-DATES-KT-essentiel-2021-2-page-001-724x1024.jpg 724w, https:\/\/dev-nextgen.ecole-sacre-coeur-lorient.com\/wp-content\/uploads\/2024\/03\/AFFICHE-DATES-KT-essentiel-2021-2-page-001-212x300.jpg 212w, https:\/\/dev-nextgen.ecole-sacre-coeur-lorient.com\/wp-content\/uploads\/2024\/03\/AFFICHE-DATES-KT-essentiel-2021-2-page-001-768x1086.jpg 768w, https:\/\/dev-nextgen.ecole-sacre-coeur-lorient.com\/wp-content\/uploads\/2024\/03\/AFFICHE-DATES-KT-essentiel-2021-2-page-001-1086x1536.jpg 1086w, https:\/\/dev-nextgen.ecole-sacre-coeur-lorient.com\/wp-content\/uploads\/2024\/03\/AFFICHE-DATES-KT-essentiel-2021-2-page-001-600x849.jpg 600w, https:\/\/dev-nextgen.ecole-sacre-coeur-lorient.com\/wp-content\/uploads\/2024\/03\/AFFICHE-DATES-KT-essentiel-2021-2-page-001.jpg 1240w\" sizes=\"auto, (max-width: 724px) 100vw, 724px\" \/><\/figure>\n<p><\/div>[\/vc_column_text][\/vc_column][\/vc_row]<\/p>\n<\/div>","protected":false},"excerpt":{"rendered":"<p>[vc_row][vc_column][vc_column_text] D\u00e8s la maternelle, les enfants b\u00e9n\u00e9ficient d&rsquo;un \u00e9veil religieux en lien avec le calendrier liturgique. \u00c0 partir de la classe de CE1, ils entrent officiellement en cat\u00e9ch\u00e8se et b\u00e9n\u00e9ficient d&rsquo;une heure par semaine inscrite dans les programmes. Une c\u00e9l\u00e9bration d&rsquo;\u00e9cole par p\u00e9riode r\u00e9unit les 11 classes dans la pri\u00e8re. L&rsquo;\u00e9quipe p\u00e9dagogique, en lien avec [&hellip;]<\/p>\n","protected":false},"author":1,"featured_media":0,"parent":0,"menu_order":0,"comment_status":"closed","ping_status":"closed","template":"","meta":{"footnotes":""},"class_list":["post-5176","page","type-page","status-publish","hentry"],"_links":{"self":[{"href":"https:\/\/dev-nextgen.ecole-sacre-coeur-lorient.com\/index.php\/wp-json\/wp\/v2\/pages\/5176","targetHints":{"allow":["GET"]}}],"collection":[{"href":"https:\/\/dev-nextgen.ecole-sacre-coeur-lorient.com\/index.php\/wp-json\/wp\/v2\/pages"}],"about":[{"href":"https:\/\/dev-nextgen.ecole-sacre-coeur-lorient.com\/index.php\/wp-json\/wp\/v2\/types\/page"}],"author":[{"embeddable":true,"href":"https:\/\/dev-nextgen.ecole-sacre-coeur-lorient.com\/index.php\/wp-json\/wp\/v2\/users\/1"}],"replies":[{"embeddable":true,"href":"https:\/\/dev-nextgen.ecole-sacre-coeur-lorient.com\/index.php\/wp-json\/wp\/v2\/comments?post=5176"}],"version-history":[{"count":4,"href":"https:\/\/dev-nextgen.ecole-sacre-coeur-lorient.com\/index.php\/wp-json\/wp\/v2\/pages\/5176\/revisions"}],"predecessor-version":[{"id":5198,"href":"https:\/\/dev-nextgen.ecole-sacre-coeur-lorient.com\/index.php\/wp-json\/wp\/v2\/pages\/5176\/revisions\/5198"}],"wp:attachment":[{"href":"https:\/\/dev-nextgen.ecole-sacre-coeur-lorient.com\/index.php\/wp-json\/wp\/v2\/media?parent=5176"}],"curies":[{"name":"wp","href":"https:\/\/api.w.org\/{rel}","templated":true}]}}