{"id":4535,"date":"2024-03-19T14:53:59","date_gmt":"2024-03-19T13:53:59","guid":{"rendered":"http:\/\/dev-nextgen.ecole-sacre-coeur-lorient.com\/?page_id=4535"},"modified":"2024-05-16T14:01:03","modified_gmt":"2024-05-16T12:01:03","slug":"tarifs","status":"publish","type":"page","link":"https:\/\/dev-nextgen.ecole-sacre-coeur-lorient.com\/index.php\/tarifs\/","title":{"rendered":"Les tarifs"},"content":{"rendered":"<div class=\"wpb-content-wrapper\"><p>[vc_row][vc_column width=\u00a0\u00bb1\/4&Prime;][vc_hoverbox image=\u00a0\u00bb6155&Prime; primary_title=\u00a0\u00bbFrais de scolarit\u00e9\u00a0\u00bb hover_title=\u00a0\u00bb32\u20ac \/ mois\u00a0\u00bb]De septembre \u00e0 juin<\/p>\n<p>&nbsp;[\/vc_hoverbox][\/vc_column][vc_column width=\u00a0\u00bb1\/4&Prime;][vc_hoverbox image=\u00a0\u00bb6147&Prime; primary_title=\u00a0\u00bbCantine\u00a0\u00bb hover_title=\u00a0\u00bb4.90\u20ac le repas\u00a0\u00bb][\/vc_hoverbox][\/vc_column][vc_column width=\u00a0\u00bb1\/4&Prime;][vc_hoverbox image=\u00a0\u00bb6144&Prime; primary_title=\u00a0\u00bbEtude\u00a0\u00bb hover_title=\u00a0\u00bb3\u20ac la s\u00e9ance de 16h45 \u00e0 17h45&Prime;][\/vc_hoverbox][\/vc_column][vc_column width=\u00a0\u00bb1\/4&Prime;][vc_hoverbox image=\u00a0\u00bb6146&Prime; primary_title=\u00a0\u00bbGarderie\u00a0\u00bb hover_title=\u00a0\u00bb3\u20ac de l&rsquo;heure\u00a0\u00bb][\/vc_hoverbox][\/vc_column][\/vc_row][vc_row][vc_column][vc_message]<em><strong>Frais de scolarit\u00e9 :<\/strong> <\/em><\/p>\n<p>R\u00e9duction \u00e0 partir du troisi\u00e8me enfant scolaris\u00e9 \u00e0 l\u2019\u00e9cole.<\/p>\n<p>Le r\u00e8glement s&rsquo;effectue\u00a0 par <strong>pr\u00e9l\u00e8vement automatique <\/strong>le 5 de chaque mois suivant.<\/p>\n<p>&nbsp;<\/p>\n<p><em><strong>Cantine :<\/strong> <\/em><\/p>\n<p>Tout repas command\u00e9 sera factur\u00e9.<\/p>\n<p>Les repas non-pris ne seront pas rembours\u00e9s sauf pour des absences d\u2019au moins 3 jours ouvrables cons\u00e9cutifs. Les repas non pris seront alors rembours\u00e9s. Le 1<sup>er<\/sup> restera d\u00fb.<\/p>\n<p>&nbsp;<\/p>\n<p><em><strong>\u00c9tude et garderie:<\/strong> <\/em><\/p>\n<p>Les services de garderie et d\u2019\u00e9tude sont assur\u00e9s <strong>les lundi, mardi, jeudi et vendredi.<\/strong><\/p>\n<p>Toute heure commenc\u00e9e est due.[\/vc_message][\/vc_column][\/vc_row]<\/p>\n<\/div>","protected":false},"excerpt":{"rendered":"<p>[vc_row][vc_column width=\u00a0\u00bb1\/4&Prime;][vc_hoverbox image=\u00a0\u00bb6155&Prime; primary_title=\u00a0\u00bbFrais de scolarit\u00e9\u00a0\u00bb hover_title=\u00a0\u00bb32\u20ac \/ mois\u00a0\u00bb]De septembre \u00e0 juin &nbsp;[\/vc_hoverbox][\/vc_column][vc_column width=\u00a0\u00bb1\/4&Prime;][vc_hoverbox image=\u00a0\u00bb6147&Prime; primary_title=\u00a0\u00bbCantine\u00a0\u00bb hover_title=\u00a0\u00bb4.90\u20ac le repas\u00a0\u00bb][\/vc_hoverbox][\/vc_column][vc_column width=\u00a0\u00bb1\/4&Prime;][vc_hoverbox image=\u00a0\u00bb6144&Prime; primary_title=\u00a0\u00bbEtude\u00a0\u00bb hover_title=\u00a0\u00bb3\u20ac la s\u00e9ance de 16h45 \u00e0 17h45&Prime;][\/vc_hoverbox][\/vc_column][vc_column width=\u00a0\u00bb1\/4&Prime;][vc_hoverbox image=\u00a0\u00bb6146&Prime; primary_title=\u00a0\u00bbGarderie\u00a0\u00bb hover_title=\u00a0\u00bb3\u20ac de l&rsquo;heure\u00a0\u00bb][\/vc_hoverbox][\/vc_column][\/vc_row][vc_row][vc_column][vc_message]Frais de scolarit\u00e9 : R\u00e9duction \u00e0 partir du troisi\u00e8me enfant scolaris\u00e9 \u00e0 l\u2019\u00e9cole. Le r\u00e8glement s&rsquo;effectue\u00a0 par pr\u00e9l\u00e8vement automatique le 5 [&hellip;]<\/p>\n","protected":false},"author":1,"featured_media":0,"parent":0,"menu_order":0,"comment_status":"closed","ping_status":"closed","template":"","meta":{"footnotes":""},"class_list":["post-4535","page","type-page","status-publish","hentry"],"_links":{"self":[{"href":"https:\/\/dev-nextgen.ecole-sacre-coeur-lorient.com\/index.php\/wp-json\/wp\/v2\/pages\/4535","targetHints":{"allow":["GET"]}}],"collection":[{"href":"https:\/\/dev-nextgen.ecole-sacre-coeur-lorient.com\/index.php\/wp-json\/wp\/v2\/pages"}],"about":[{"href":"https:\/\/dev-nextgen.ecole-sacre-coeur-lorient.com\/index.php\/wp-json\/wp\/v2\/types\/page"}],"author":[{"embeddable":true,"href":"https:\/\/dev-nextgen.ecole-sacre-coeur-lorient.com\/index.php\/wp-json\/wp\/v2\/users\/1"}],"replies":[{"embeddable":true,"href":"https:\/\/dev-nextgen.ecole-sacre-coeur-lorient.com\/index.php\/wp-json\/wp\/v2\/comments?post=4535"}],"version-history":[{"count":14,"href":"https:\/\/dev-nextgen.ecole-sacre-coeur-lorient.com\/index.php\/wp-json\/wp\/v2\/pages\/4535\/revisions"}],"predecessor-version":[{"id":6156,"href":"https:\/\/dev-nextgen.ecole-sacre-coeur-lorient.com\/index.php\/wp-json\/wp\/v2\/pages\/4535\/revisions\/6156"}],"wp:attachment":[{"href":"https:\/\/dev-nextgen.ecole-sacre-coeur-lorient.com\/index.php\/wp-json\/wp\/v2\/media?parent=4535"}],"curies":[{"name":"wp","href":"https:\/\/api.w.org\/{rel}","templated":true}]}}