{"id":1092,"date":"2024-03-23T22:06:04","date_gmt":"2024-03-23T21:06:04","guid":{"rendered":"https:\/\/smartyschool.stylemixthemes.com\/?page_id=1092"},"modified":"2024-03-26T15:29:28","modified_gmt":"2024-03-26T14:29:28","slug":"logec-lapel-et-la-tutelle","status":"publish","type":"page","link":"https:\/\/dev-nextgen.ecole-sacre-coeur-lorient.com\/index.php\/logec-lapel-et-la-tutelle\/","title":{"rendered":"L&rsquo;OGEC, l&rsquo;APEL et la Tutelle"},"content":{"rendered":"<div class=\"wpb-content-wrapper\"><p>[vc_row full_width=\u00a0\u00bbstretch_row\u00a0\u00bb css=\u00a0\u00bb.vc_custom_1568120398316{padding-top: 80px !important;background-color: #f8f8f8 !important;}\u00a0\u00bb][vc_column][stm_title title_tag=\u00a0\u00bbh2&Prime; title_align=\u00a0\u00bbcenter\u00a0\u00bb subtitle_color=\u00a0\u00bbdark-gray\u00a0\u00bb sep_color=\u00a0\u00bbgreen\u00a0\u00bb sep_enable=\u00a0\u00bbtrue\u00a0\u00bb subtitle_enable=\u00a0\u00bbtrue\u00a0\u00bb title=\u00a0\u00bbLes associations de l&rsquo;\u00e9cole, qui fait quoi ?\u00a0\u00bb subtitle_font_size=\u00a0\u00bb18px\u00a0\u00bb subtitle_margin_b=\u00a0\u00bb43px\u00a0\u00bb sep_margin_b=\u00a0\u00bb52px\u00a0\u00bb][\/stm_title][vc_row_inner css=\u00a0\u00bb.vc_custom_1455093758686{padding-bottom: 60px !important;}\u00a0\u00bb][vc_column_inner offset=\u00a0\u00bbvc_col-lg-4 vc_col-md-4&Prime;][stm_icon_box view_style=\u00a0\u00bbstyle-4&Prime; icon_type=\u00a0\u00bbsvg\u00a0\u00bb icon_color=\u00a0\u00bbgreen\u00a0\u00bb step_enable=\u00a0\u00bbtrue\u00a0\u00bb svg_animated=\u00a0\u00bbtrue\u00a0\u00bb title=\u00a0\u00bbL&rsquo;OGEC\u00a0\u00bb descr=\u00a0\u00bbLes OGEC sont des associations, r\u00e9gies par la loi du 1er juillet 1901, voulues par l&rsquo;Enseignement Catholique pour \u00eatre au service des \u00e9tablissements en leur donnant une existence juridique c&rsquo;est \u00e0 dire la personnalit\u00e9 morale. Ainsi peuvent s&rsquo;exercer valablement l&rsquo;activit\u00e9 d&rsquo;enseignement et les activit\u00e9s pastorales, p\u00e9dagogiques, \u00e9ducatives et parascolaires inh\u00e9rentes \u00e0 un \u00e9tablissement catholique d&rsquo;enseignement\u00a0\u00bb button_enable=\u00a0\u00bbtrue\u00a0\u00bb step_number=\u00a0\u00bb1&Prime; step_number_size=\u00a0\u00bb120px\u00a0\u00bb step_number_color=\u00a0\u00bb#f8f8f8&Prime; button_text=\u00a0\u00bbLire\u00a0\u00bb button_link=\u00a0\u00bburl:http%3A%2F%2Fdev-nextgen.ecole-sacre-coeur-lorient.com%2Fwp-content%2Fuploads%2F2024%2F03%2Fmissions-ogec.png\u00a0\u00bb icon_size=\u00a0\u00bb30px\u00a0\u00bb css=\u00a0\u00bb.vc_custom_1711228139041{margin-right: -10px !important;margin-bottom: 30px !important;}\u00a0\u00bb svg_id=\u00a0\u00bb5135&Prime;][vc_column_text]<strong>Pr\u00e9sident d&rsquo;OGEC :<\/strong> Gr\u00e9goire LAMODIERE<\/p>\n<p><strong>Tr\u00e9sorier d&rsquo;OGEC :<\/strong> Damien ROCHETTE DE LEMPDES<\/p>\n<p><strong>Secr\u00e9taire d&rsquo;OGEC :<\/strong> Thibault HUET[\/vc_column_text][\/vc_column_inner][vc_column_inner offset=\u00a0\u00bbvc_col-lg-4 vc_col-md-4&Prime;][stm_icon_box view_style=\u00a0\u00bbstyle-4&Prime; icon_type=\u00a0\u00bbsvg\u00a0\u00bb step_enable=\u00a0\u00bbtrue\u00a0\u00bb svg_animated=\u00a0\u00bbtrue\u00a0\u00bb title=\u00a0\u00bbL&rsquo;APEL\u00a0\u00bb descr=\u00a0\u00bbL\u2019Association des Parents d\u2019\u00e9l\u00e8ves de l\u2019Enseignement Libre (APEL) repr\u00e9sente l\u2019ensemble des familles qui scolarisent leurs enfants dans l\u2019Enseignement catholique de l\u2018Ard\u00e8che.<br \/>\nLes APEL de chaque \u00e9tablissement adh\u00e8rent \u00e0 l&rsquo;APEL d\u00e9partementale.\u00a0\u00bb button_enable=\u00a0\u00bbtrue\u00a0\u00bb step_number=\u00a0\u00bb2&Prime; step_number_color=\u00a0\u00bb#f8f8f8&Prime; button_text=\u00a0\u00bbLire\u00a0\u00bb button_link=\u00a0\u00bburl:http%3A%2F%2Fdev-nextgen.ecole-sacre-coeur-lorient.com%2Fwp-content%2Fuploads%2F2024%2F03%2Fmissions-apel.png\u00a0\u00bb icon_size=\u00a0\u00bb30px\u00a0\u00bb css=\u00a0\u00bb.vc_custom_1711360511279{margin-right: -5px !important;margin-bottom: 30px !important;margin-left: -5px !important;}\u00a0\u00bb svg_id=\u00a0\u00bb5139&Prime;][vc_column_text]<strong>Pr\u00e9sident d&rsquo;APEL :<\/strong> Caroline AUTRET<\/p>\n<p><strong>Tr\u00e9sori\u00e8re d&rsquo;APEL<\/strong> : Guillaume LAINAY<\/p>\n<p><strong>Secr\u00e9taire d&rsquo;APEL<\/strong> : Renaud MICHAL[\/vc_column_text][\/vc_column_inner][vc_column_inner offset=\u00a0\u00bbvc_col-lg-4 vc_col-md-4&Prime;][stm_icon_box view_style=\u00a0\u00bbstyle-4&Prime; icon_type=\u00a0\u00bbsvg\u00a0\u00bb icon_color=\u00a0\u00bbgreen\u00a0\u00bb step_enable=\u00a0\u00bbtrue\u00a0\u00bb svg_animated=\u00a0\u00bbtrue\u00a0\u00bb title=\u00a0\u00bbLa tutelle Mennaisienne\u00a0\u00bb descr=\u00a0\u00bbLa tutelle donne les orientations \u00e9ducatives et pastorales de l&rsquo;\u00e9cole. Dans ce cadre, elle valide le Projet Educatif de l&rsquo;\u00e9tablissement. Elle repr\u00e9sente \u00e9galement l&rsquo;enseignement catholique au sein de l&rsquo;organisme de gestion de l&rsquo;\u00e9cole.\u00a0\u00bb button_enable=\u00a0\u00bbtrue\u00a0\u00bb step_number=\u00a0\u00bb3&Prime; step_number_color=\u00a0\u00bb#f8f8f8&Prime; button_text=\u00a0\u00bbLire\u00a0\u00bb button_link=\u00a0\u00bburl:https%3A%2F%2Fwww.mennaisien.fr%2F\u00a0\u00bb icon_size=\u00a0\u00bb30px\u00a0\u00bb css=\u00a0\u00bb.vc_custom_1711228087806{margin-left: -10px !important;}\u00a0\u00bb svg_id=\u00a0\u00bb5107&Prime;][vc_column_text]<strong>Repr\u00e9sentant de Tutelle :<\/strong> Lo\u00efc LE TOUZO[\/vc_column_text][\/vc_column_inner][\/vc_row_inner][\/vc_column][\/vc_row]<\/p>\n<\/div>","protected":false},"excerpt":{"rendered":"<p>[vc_row full_width=\u00a0\u00bbstretch_row\u00a0\u00bb css=\u00a0\u00bb.vc_custom_1568120398316{padding-top: 80px !important;background-color: #f8f8f8 !important;}\u00a0\u00bb][vc_column][stm_title title_tag=\u00a0\u00bbh2&Prime; title_align=\u00a0\u00bbcenter\u00a0\u00bb subtitle_color=\u00a0\u00bbdark-gray\u00a0\u00bb sep_color=\u00a0\u00bbgreen\u00a0\u00bb sep_enable=\u00a0\u00bbtrue\u00a0\u00bb subtitle_enable=\u00a0\u00bbtrue\u00a0\u00bb title=\u00a0\u00bbLes associations de l&rsquo;\u00e9cole, qui fait quoi ?\u00a0\u00bb subtitle_font_size=\u00a0\u00bb18px\u00a0\u00bb subtitle_margin_b=\u00a0\u00bb43px\u00a0\u00bb sep_margin_b=\u00a0\u00bb52px\u00a0\u00bb][\/stm_title][vc_row_inner css=\u00a0\u00bb.vc_custom_1455093758686{padding-bottom: 60px !important;}\u00a0\u00bb][vc_column_inner offset=\u00a0\u00bbvc_col-lg-4 vc_col-md-4&Prime;][stm_icon_box view_style=\u00a0\u00bbstyle-4&Prime; icon_type=\u00a0\u00bbsvg\u00a0\u00bb icon_color=\u00a0\u00bbgreen\u00a0\u00bb step_enable=\u00a0\u00bbtrue\u00a0\u00bb svg_animated=\u00a0\u00bbtrue\u00a0\u00bb title=\u00a0\u00bbL&rsquo;OGEC\u00a0\u00bb descr=\u00a0\u00bbLes OGEC sont des associations, r\u00e9gies par la loi du 1er juillet 1901, voulues par l&rsquo;Enseignement Catholique pour \u00eatre au [&hellip;]<\/p>\n","protected":false},"author":1,"featured_media":0,"parent":0,"menu_order":0,"comment_status":"closed","ping_status":"closed","template":"","meta":{"footnotes":""},"class_list":["post-1092","page","type-page","status-publish","hentry"],"_links":{"self":[{"href":"https:\/\/dev-nextgen.ecole-sacre-coeur-lorient.com\/index.php\/wp-json\/wp\/v2\/pages\/1092","targetHints":{"allow":["GET"]}}],"collection":[{"href":"https:\/\/dev-nextgen.ecole-sacre-coeur-lorient.com\/index.php\/wp-json\/wp\/v2\/pages"}],"about":[{"href":"https:\/\/dev-nextgen.ecole-sacre-coeur-lorient.com\/index.php\/wp-json\/wp\/v2\/types\/page"}],"author":[{"embeddable":true,"href":"https:\/\/dev-nextgen.ecole-sacre-coeur-lorient.com\/index.php\/wp-json\/wp\/v2\/users\/1"}],"replies":[{"embeddable":true,"href":"https:\/\/dev-nextgen.ecole-sacre-coeur-lorient.com\/index.php\/wp-json\/wp\/v2\/comments?post=1092"}],"version-history":[{"count":9,"href":"https:\/\/dev-nextgen.ecole-sacre-coeur-lorient.com\/index.php\/wp-json\/wp\/v2\/pages\/1092\/revisions"}],"predecessor-version":[{"id":5337,"href":"https:\/\/dev-nextgen.ecole-sacre-coeur-lorient.com\/index.php\/wp-json\/wp\/v2\/pages\/1092\/revisions\/5337"}],"wp:attachment":[{"href":"https:\/\/dev-nextgen.ecole-sacre-coeur-lorient.com\/index.php\/wp-json\/wp\/v2\/media?parent=1092"}],"curies":[{"name":"wp","href":"https:\/\/api.w.org\/{rel}","templated":true}]}}